{"id":499,"date":"2022-05-23T00:08:29","date_gmt":"2022-05-23T00:08:29","guid":{"rendered":"https:\/\/aleksandrine-pustolovine.com\/?page_id=499"},"modified":"2022-05-23T01:17:18","modified_gmt":"2022-05-23T01:17:18","slug":"o-meni","status":"publish","type":"page","link":"https:\/\/aleksandrine-pustolovine.com\/?page_id=499","title":{"rendered":"O meni"},"content":{"rendered":"\n<div class=\"wp-block-columns\">\n<div class=\"wp-block-column\">\n<blockquote class=\"wp-block-stackable-blockquote is-style-default stk-block-blockquote stk-block stk-0fa0f41\" data-block-id=\"0fa0f41\"><div class=\"has-text-align-left stk-block-blockquote__content stk-container stk-0fa0f41-container stk-hover-parent\"><div class=\"stk-block-content stk-inner-blocks\">\n<div class=\"wp-block-stackable-icon stk-block-icon stk-block stk-fd448d4\" data-block-id=\"fd448d4\"><span class=\"stk--svg-wrapper\"><div class=\"stk--inner-svg\"><svg style=\"height:0;width:0\"><defs><linearGradient id=\"linear-gradient-fd448d4\" x1=\"0\" x2=\"100%\" y1=\"0\" y2=\"0\"><stop offset=\"0%\" style=\"stop-opacity:1;stop-color:var(--linear-gradient-fd-448-d-4-color-1)\"><\/stop><stop offset=\"100%\" style=\"stop-opacity:1;stop-color:var(--linear-gradient-fd-448-d-4-color-2)\"><\/stop><\/linearGradient><\/defs><\/svg><svg xmlns=\"http:\/\/www.w3.org\/2000\/svg\" viewBox=\"0 0 50 50\" aria-hidden=\"true\" width=\"32\" height=\"32\"><path d=\"M19.8 9.3C10.5 11.8 4.6 17 2.1 24.8c2.3-3.6 5.6-5.4 9.9-5.4 3.3 0 6 1.1 8.3 3.3 2.2 2.2 3.4 5 3.4 8.3 0 3.2-1.1 5.8-3.3 8-2.2 2.2-5.1 3.2-8.7 3.2-3.7 0-6.5-1.2-8.6-3.5C1 36.3 0 33.1 0 29 0 18.3 6.5 11.2 19.6 7.9l.2 1.4zm26.4 0C36.9 11.9 31 17 28.5 24.8c2.2-3.6 5.5-5.4 9.8-5.4 3.2 0 6 1.1 8.3 3.2 2.3 2.2 3.4 4.9 3.4 8.3 0 3.1-1.1 5.8-3.3 7.9-2.2 2.2-5.1 3.3-8.6 3.3-3.7 0-6.6-1.1-8.6-3.4-2.1-2.3-3.1-5.5-3.1-9.7 0-10.7 6.6-17.8 19.7-21.1l.1 1.4z\"><\/path><\/svg><\/div><\/span><\/div>\n\n\n\n<div class=\"wp-block-stackable-text stk-block-text stk-block stk-8686b99\" data-block-id=\"8686b99\"><p class=\"stk-block-text__text\">Dragi \u010ditaoci,<br>\u00a0<br>Ovo su moje dogodov\u0161tine po raznim zemljama u kojima sam \u017eivela, sa malim osvrtom na detinjstvo, mladost i ne tako daleku pro\u0161lost.<br>Prati\u0107ete kako sam se razvijala kao li\u010dnost i putopisac i koliko smo se svet i ja promenili za 17 (i vi\u0161e) godina.<br>Od Sankt Petersburga i francuske tastature na kojoj nisam znala da kucam, preko pra\u0161kih godina, Centralne Azije i Arabijskog poluostrva, kucanja bez na\u0161ih slova, do Provanse i ponovo Srbije, u kojoj zapravo nikad ranije nisam \u017eivela, jer je bila neka druga zemlja\u2026I to nije kraj putovanja. I pisanja.<br>Glavni likovi de\u0161avanja, osim mene, su: mu\u017e, deca, ma\u010dka 1, ma\u010dka 2, kumovi, preci, rodbina, kao i prijatelji koji \u017eive \u0161irom sveta.<br>\u00a0<br>Svaka sli\u010dnost sa stvarnim likovima je namerna. \u00a0\u00a0\u00a0\u00a0\u00a0\u00a0\u00a0\u00a0\u00a0\u00a0\u00a0\u00a0\u00a0\u00a0\u00a0\u00a0\u00a0\u00a0\u00a0\u00a0<br>\u00a0<br>U\u017eivajte!<\/p><\/div>\n<\/div><\/div><\/blockquote>\n<\/div>\n\n\n\n<div class=\"wp-block-column\">\n<blockquote class=\"wp-block-stackable-blockquote is-style-default stk-block-blockquote stk-block stk-e3598a4\" data-block-id=\"e3598a4\"><div class=\"has-text-align-left stk-block-blockquote__content stk-container stk-e3598a4-container stk-hover-parent\"><div class=\"stk-block-content stk-inner-blocks\">\n<div class=\"wp-block-stackable-icon stk-block-icon stk-block stk-b20c078\" data-block-id=\"b20c078\"><span class=\"stk--svg-wrapper\"><div class=\"stk--inner-svg\"><svg style=\"height:0;width:0\"><defs><linearGradient id=\"linear-gradient-b20c078\" x1=\"0\" x2=\"100%\" y1=\"0\" y2=\"0\"><stop offset=\"0%\" style=\"stop-opacity:1;stop-color:var(--linear-gradient-b-20-c-078-color-1)\"><\/stop><stop offset=\"100%\" style=\"stop-opacity:1;stop-color:var(--linear-gradient-b-20-c-078-color-2)\"><\/stop><\/linearGradient><\/defs><\/svg><svg xmlns=\"http:\/\/www.w3.org\/2000\/svg\" viewBox=\"0 0 50 50\" aria-hidden=\"true\" width=\"32\" height=\"32\"><path d=\"M19.8 9.3C10.5 11.8 4.6 17 2.1 24.8c2.3-3.6 5.6-5.4 9.9-5.4 3.3 0 6 1.1 8.3 3.3 2.2 2.2 3.4 5 3.4 8.3 0 3.2-1.1 5.8-3.3 8-2.2 2.2-5.1 3.2-8.7 3.2-3.7 0-6.5-1.2-8.6-3.5C1 36.3 0 33.1 0 29 0 18.3 6.5 11.2 19.6 7.9l.2 1.4zm26.4 0C36.9 11.9 31 17 28.5 24.8c2.2-3.6 5.5-5.4 9.8-5.4 3.2 0 6 1.1 8.3 3.2 2.3 2.2 3.4 4.9 3.4 8.3 0 3.1-1.1 5.8-3.3 7.9-2.2 2.2-5.1 3.3-8.6 3.3-3.7 0-6.6-1.1-8.6-3.4-2.1-2.3-3.1-5.5-3.1-9.7 0-10.7 6.6-17.8 19.7-21.1l.1 1.4z\"><\/path><\/svg><\/div><\/span><\/div>\n\n\n\n<div class=\"wp-block-stackable-text stk-block-text stk-block stk-5c8c56a\" data-block-id=\"5c8c56a\"><p class=\"stk-block-text__text\">My happy place<br><br>I left my former country for good in February 2005. It was already \u201cex \u2013 Yu\u201d. That is when I have started writing what you are reading here and now.<br>Every couple of years I change the country, and move with my husband, 2 kids, and the cat. Kids are almost grown-up now, and cat is number two.<br>I met my French hubby in Budapest, Hungary, and we have lived happily ever after in Russia, Czech Republic, Turkmenistan, Qatar, France and Serbia, so far.<br>You can follow how I was changing through the years, and how the world was changing. There are thoughts, remarks, and true stories about me and people met along the way. There are amazements and discoveries, as well as disappointments and disillusions.<br>This is the place where I open my heart to you.<br>\u00a0<br>Enjoy reading!<br>\u00a0<\/p><\/div>\n<\/div><\/div><\/blockquote>\n<\/div>\n<\/div>\n\n\n\n<div class=\"wp-block-stackable-separator stk-block-separator stk--no-padding stk-block stk-d85679e\" data-block-id=\"d85679e\"><style>.stk-d85679e{margin-bottom:20px !important}.stk-d85679e .stk-block-separator__inner{height:133px !important}<\/style><div class=\"stk-block-separator__inner\"><svg xmlns=\"http:\/\/www.w3.org\/2000\/svg\" viewbox=\"0 0 1600 200\" class=\"stk-separator__layer-1\" preserveaspectratio=\"none\" aria-hidden=\"true\"><path class=\"wave-1_svg__st2\" d=\"M1341.4 48.9c-182.4 0-254.2 80.4-429.4 80.4-117.8 0-209.7-67.5-393.5-67.5-142.2 0-212.6 38.8-324.6 38.8S-10 64.7-10 64.7V210h1620V102c-110.6-40.2-181-53.1-268.6-53.1z\"><\/path><\/svg><\/div><\/div>\n\n\n\n<div class=\"wp-block-stackable-image stk-block-image has-text-align-center stk-block stk-9f4947b\" data-block-id=\"9f4947b\"><style>.stk-9f4947b{border-radius:0px !important;overflow:hidden !important;box-shadow:0 5px 30px -10px rgba(18,63,82,0.3) !important}.stk-9f4947b{margin-bottom:0px !important}.stk-9f4947b .stk-img-wrapper{width:66% !important;height:600px !important}<\/style><figure class=\"stk-img-wrapper stk-image--shape-stretch\"><img loading=\"lazy\" class=\"stk-img wp-image-535\" src=\"http:\/\/aleksandrine-pustolovine.com\/wp-content\/uploads\/2022\/05\/0-2.jpg\" width=\"1325\" height=\"937\" srcset=\"https:\/\/aleksandrine-pustolovine.com\/wp-content\/uploads\/2022\/05\/0-2.jpg 1325w, https:\/\/aleksandrine-pustolovine.com\/wp-content\/uploads\/2022\/05\/0-2-300x212.jpg 300w, https:\/\/aleksandrine-pustolovine.com\/wp-content\/uploads\/2022\/05\/0-2-1024x724.jpg 1024w, https:\/\/aleksandrine-pustolovine.com\/wp-content\/uploads\/2022\/05\/0-2-768x543.jpg 768w\" sizes=\"(max-width: 1325px) 100vw, 1325px\" \/><\/figure><\/div>\n\n\n\n<div class=\"wp-block-stackable-text stk-block-text stk-block stk-29dcca4\" data-block-id=\"29dcca4\"><style>.stk-29dcca4{margin-bottom:0px !important}<\/style><p class=\"stk-block-text__text has-text-align-center\"><strong>A ovo smo mi \/ and this is us<\/strong><\/p><\/div>\n\n\n\n<div class=\"wp-block-stackable-separator stk-block-separator stk--no-padding stk-block stk-021c313\" data-block-id=\"021c313\"><style>.stk-021c313{margin-bottom:20px !important}.stk-021c313{transform:scaleY(-1) !important}.stk-021c313 .stk-block-separator__inner{height:133px !important}<\/style><div class=\"stk-block-separator__inner\"><svg xmlns=\"http:\/\/www.w3.org\/2000\/svg\" viewbox=\"0 0 1600 200\" class=\"stk-separator__layer-1\" preserveaspectratio=\"none\" aria-hidden=\"true\"><path class=\"wave-1_svg__st2\" d=\"M1341.4 48.9c-182.4 0-254.2 80.4-429.4 80.4-117.8 0-209.7-67.5-393.5-67.5-142.2 0-212.6 38.8-324.6 38.8S-10 64.7-10 64.7V210h1620V102c-110.6-40.2-181-53.1-268.6-53.1z\"><\/path><\/svg><\/div><\/div>\n","protected":false},"excerpt":{"rendered":"<p>Dragi \u010ditaoci,\u00a0Ovo su moje dogodov\u0161tine po raznim zemljama u kojima sam \u017eivela, sa malim osvrtom na detinjstvo, mladost i ne tako daleku pro\u0161lost.Prati\u0107ete kako sam se razvijala kao li\u010dnost i putopisac i koliko smo se svet i ja promenili za 17 (i vi\u0161e) godina.Od Sankt Petersburga i francuske tastature na kojoj nisam znala da kucam, preko pra\u0161kih godina, Centralne Azije i Arabijskog poluostrva, kucanja bez na\u0161ih slova, do Provanse i ponovo Srbije, u kojoj zapravo nikad ranije nisam \u017eivela, jer je bila neka druga zemlja\u2026I to nije kraj putovanja. I pisanja.Glavni likovi de\u0161avanja, osim mene, su: mu\u017e, deca, ma\u010dka 1,\u2026<\/p>\n","protected":false},"author":1,"featured_media":0,"parent":0,"menu_order":0,"comment_status":"closed","ping_status":"closed","template":"","meta":{"om_disable_all_campaigns":false,"_monsterinsights_skip_tracking":false,"_monsterinsights_sitenote_active":false,"_monsterinsights_sitenote_note":"","_monsterinsights_sitenote_category":0},"blocksy_meta":{"styles_descriptor":{"styles":{"desktop":"","tablet":"","mobile":""},"google_fonts":[],"version":5}},"featured_image_urls":{"full":"","thumbnail":"","medium":"","medium_large":"","large":"","1536x1536":"","2048x2048":""},"post_excerpt_stackable":"<p>Dragi \u010ditaoci,\u00a0Ovo su moje dogodov\u0161tine po raznim zemljama u kojima sam \u017eivela, sa malim osvrtom na detinjstvo, mladost i ne tako daleku pro\u0161lost.Prati\u0107ete kako sam se razvijala kao li\u010dnost i putopisac i koliko smo se svet i ja promenili za 17 (i vi\u0161e) godina.Od Sankt Petersburga i francuske tastature na kojoj nisam znala da kucam, preko pra\u0161kih godina, Centralne Azije i Arabijskog poluostrva, kucanja bez na\u0161ih slova, do Provanse i ponovo Srbije, u kojoj zapravo nikad ranije nisam \u017eivela, jer je bila neka druga zemlja\u2026I to nije kraj putovanja. I pisanja.Glavni likovi de\u0161avanja, osim mene, su: mu\u017e, deca, ma\u010dka 1,&hellip;<\/p>\n","category_list":"","author_info":{"name":"aleksandra.guihard","url":"https:\/\/aleksandrine-pustolovine.com\/?author=1"},"comments_num":"0 comments","_links":{"self":[{"href":"https:\/\/aleksandrine-pustolovine.com\/index.php?rest_route=\/wp\/v2\/pages\/499"}],"collection":[{"href":"https:\/\/aleksandrine-pustolovine.com\/index.php?rest_route=\/wp\/v2\/pages"}],"about":[{"href":"https:\/\/aleksandrine-pustolovine.com\/index.php?rest_route=\/wp\/v2\/types\/page"}],"author":[{"embeddable":true,"href":"https:\/\/aleksandrine-pustolovine.com\/index.php?rest_route=\/wp\/v2\/users\/1"}],"replies":[{"embeddable":true,"href":"https:\/\/aleksandrine-pustolovine.com\/index.php?rest_route=%2Fwp%2Fv2%2Fcomments&post=499"}],"version-history":[{"count":2,"href":"https:\/\/aleksandrine-pustolovine.com\/index.php?rest_route=\/wp\/v2\/pages\/499\/revisions"}],"predecessor-version":[{"id":536,"href":"https:\/\/aleksandrine-pustolovine.com\/index.php?rest_route=\/wp\/v2\/pages\/499\/revisions\/536"}],"wp:attachment":[{"href":"https:\/\/aleksandrine-pustolovine.com\/index.php?rest_route=%2Fwp%2Fv2%2Fmedia&parent=499"}],"curies":[{"name":"wp","href":"https:\/\/api.w.org\/{rel}","templated":true}]}}